{"id":123,"date":"2017-08-26T10:39:34","date_gmt":"2017-08-26T10:39:34","guid":{"rendered":"https:\/\/esv-institut.com\/?page_id=123"},"modified":"2024-04-01T08:58:51","modified_gmt":"2024-04-01T08:58:51","slug":"forschungsprojekte","status":"publish","type":"page","link":"https:\/\/esv-institut.com\/?page_id=123","title":{"rendered":"Forschungsprojekte"},"content":{"rendered":"<p>Unser Team arbeitet seit Jahren mit renommierten Unternehmen in den Bereichen alternativer Energiegewinnung zusammen.\u00a0Der Aufgabenbereich reicht von der Entwicklung \u00fcber den Prototypenbau\u00a0bis hin zur Weiterentwicklung von Test- und Pr\u00fcfverfahren.\u00a0S\u00e4mtliche Partner sind an den jeweiligen Ergebnissen unserer Forschung beteiligt und unterst\u00fctzen uns sowohl finanziell als auch\u00a0mit Ihrem Know How.<\/p>\n<p><strong>Projekt:<\/strong> NR MGH24 2024 &#8211; 2025: Energiesystem mit Speicher unter Ausnutzung der Wasserspaltung<\/p>\n<p>Beteiligungskapital: \u00a0Einstieg m\u00f6glich auf Anfrage<\/p>\n<p><strong>Projekt:<\/strong> Nr.: PV &#8211; Generator 1 MW 2024 &#8211; 2025; \u00a0zur reinen Energieerzeugung mit Regelung f\u00fcr Energiezukauf &#8211; und Verkauf mittels Speichersystem. Der \u00dcberschuss wird in die Erzeugung von Wasserstoff gen\u00fctzt und f\u00fcr einen Generatorbetrieb gen\u00fctzt. \u00a0S\u00e4mtliche Komponenten werden unmittelbar von den Erzeugern zugekauft. Module aus Deutschland (450 W(p)), Speicher (Festk\u00f6rperakkumulator 2 x 250 kWh), Bauteile des HNO Generators Eigenentwicklung, Antriebseinheit ebenfalls Eigenentwicklung. Wasserstoffspeichereinheit in Entwicklung.<\/p>\n<p>Beteiligung: noch m\u00f6glich auf Anfrage<\/p>\n<p>Anfragen ab 01.07.2024 unter <a href=\"mailto:sonderprojekte@gmx.at\">sonderprojekte@gmx.at<\/a> m\u00f6glich<\/p>\n","protected":false},"excerpt":{"rendered":"<p>Unser Team arbeitet seit Jahren mit renommierten Unternehmen in den Bereichen alternativer Energiegewinnung zusammen.\u00a0Der Aufgabenbereich reicht von der Entwicklung \u00fcber den Prototypenbau\u00a0bis hin zur Weiterentwicklung von Test- und Pr\u00fcfverfahren.\u00a0S\u00e4mtliche Partner sind an den jeweiligen Ergebnissen unserer Forschung beteiligt und unterst\u00fctzen uns sowohl finanziell als auch\u00a0mit Ihrem Know How. Projekt: NR MGH24 2024 &#8211; 2025: Energiesystem &hellip; <\/p>\n<p class=\"link-more\"><a href=\"https:\/\/esv-institut.com\/?page_id=123\" class=\"more-link\"><span class=\"screen-reader-text\">\u201eForschungsprojekte\u201c <\/span>weiterlesen<\/a><\/p>\n","protected":false},"author":1,"featured_media":0,"parent":0,"menu_order":0,"comment_status":"closed","ping_status":"closed","template":"","meta":{"footnotes":""},"class_list":["post-123","page","type-page","status-publish","hentry"],"_links":{"self":[{"href":"https:\/\/esv-institut.com\/index.php?rest_route=\/wp\/v2\/pages\/123","targetHints":{"allow":["GET"]}}],"collection":[{"href":"https:\/\/esv-institut.com\/index.php?rest_route=\/wp\/v2\/pages"}],"about":[{"href":"https:\/\/esv-institut.com\/index.php?rest_route=\/wp\/v2\/types\/page"}],"author":[{"embeddable":true,"href":"https:\/\/esv-institut.com\/index.php?rest_route=\/wp\/v2\/users\/1"}],"replies":[{"embeddable":true,"href":"https:\/\/esv-institut.com\/index.php?rest_route=%2Fwp%2Fv2%2Fcomments&post=123"}],"version-history":[{"count":7,"href":"https:\/\/esv-institut.com\/index.php?rest_route=\/wp\/v2\/pages\/123\/revisions"}],"predecessor-version":[{"id":255,"href":"https:\/\/esv-institut.com\/index.php?rest_route=\/wp\/v2\/pages\/123\/revisions\/255"}],"wp:attachment":[{"href":"https:\/\/esv-institut.com\/index.php?rest_route=%2Fwp%2Fv2%2Fmedia&parent=123"}],"curies":[{"name":"wp","href":"https:\/\/api.w.org\/{rel}","templated":true}]}}