{"id":125,"date":"2017-08-26T10:40:22","date_gmt":"2017-08-26T10:40:22","guid":{"rendered":"https:\/\/esv-institut.com\/?page_id=125"},"modified":"2024-04-01T09:13:51","modified_gmt":"2024-04-01T09:13:51","slug":"schulungsangebote","status":"publish","type":"page","link":"https:\/\/esv-institut.com\/?page_id=125","title":{"rendered":"Schulungsangebote"},"content":{"rendered":"<div>\n<p class=\"P-8 P-9\"><span class=\"C-5\">Schulungs-<wbr \/> und Ausbildungszentrum unter der Leitung von <\/span><strong><span class=\"C-5\">Herrn Ing .MST. Franz Sint<\/span><\/strong><\/p>\n<\/div>\n<div>\n<p class=\"Normal P-10\">Das <span class=\"C-7\">Schulungs-<wbr \/> und Ausbildungszentrum<\/span> erbringt seine Ausbildungsleistungen, Schulungen und Seminare ausschlie\u00dflich auf der Grundlage dieser Gesch\u00e4ftsbedingungen. Sie gelten auch ohne ausdr\u00fccklichen Hinweis f\u00fcr alle k\u00fcnftigen Gesch\u00e4ftsbeziehungen.\u00a0Unsere <span class=\"C-7\">Ausbilder, Schulungsleiter und Vortragenden<\/span> sind alle selbst\u00e4ndige Trainer, oder sie sind bei Schulungsorganisationen besch\u00e4ftigt.\u00a0In Zusammenarbeit mit diversen Schulungseinrichtungen werden unsere Kurse und Schulungen an verschiedenen Standorten abgehalten.\u00a0Diese k\u00f6nnen sich auch nach Vorgaben der Kunden richten.\u00a0Wir f\u00fchren <span class=\"C-7\">Schulungen<\/span> gem\u00e4\u00df der Beschreibung im Schulungsprogramm durch. Geringf\u00fcgige inhaltliche Abweichungen bleiben vorbehalten.<br \/>\nWir sind berechtigt, die Seminarinhalte im zumutbaren Umfang, insbesondere zur Anpassung an neue technische Entwicklungen, zu\u00a0modifizieren.<\/p>\n<p class=\"Normal P-12\">Anmeldungen<span class=\"C-8\"> k\u00f6nnen schriftlich, per Telefax oder E-<wbr \/>Mail vorgenommen werden. Die Anmeldung wird durch uns schriftlich best\u00e4tigt und ist sp\u00e4testens dann f\u00fcr beide Teile verbindlich. Mit der Anmeldung erkennt der Kunde die allgemeinen Gesch\u00e4ftsbedingungen an.\u00a0<\/span>Inhalt, Dauer und Kosten <span class=\"C-8\">der jeweiligen Schulungsveranstaltung ergeben sich aus der Kursbeschreibung und den Schulungsangebot oder bei kundenspezifischen Schulungen aus dem jeweiligen Angebot.\u00a0<\/span>Es gelten die in dem Schulungsprogramm genannten <span class=\"C-7\">Teilnahmepreise<\/span> inklusive der geltender Mehrwertsteuer, soweit es sich um Nettopreisangaben handelt Preis\u00e4nderungen bleiben vorbehalten.<\/p>\n<p class=\"Normal P-11\">Die <span class=\"C-7\">Preise <\/span>beinhalten die Ausbildungs-<wbr \/> und Schulungsleistungen incl. Schulungsunterlagen sowie die Tagesverpflegung. Die Teilnehmer erhalten ferner je nach Kurs eine schriftliche Teilnahme-<wbr \/> oder Pr\u00fcfungsbest\u00e4tigung.\u00a0Sonstige Kosten im Zusammenhang mit der Schulung, wie beispielsweise Arbeitskleidung und Fahrtkosten hat der\u00a0Kunde selbst zu tragen. Eine nur zeitweise Teilnahme an Schulungsveranstaltungen berechtigt nicht zur Geb\u00fchrenminderung.\u00a0Die Preise werden unverz\u00fcglich mit Zugang der Rechnung f\u00e4llig, soweit keine anderen Zahlungsbedingungenen auf der Rechnung vermerkt\u00a0sind.<\/p>\n<p class=\"Normal P-10\">Unsere Kurse werden nach Bedarf der Kunden zusammengestellt und nach den einschl\u00e4gigen Normen, Vorschriften und dem neuesten Stand der Technik abgehalten.<\/p>\n<p>Bei Fragen, wenden Sie sich an unseren Schulungsverantwortlichen und Leiter des Ausbildungszentrum <a href=\"mailto:sonderprojekte@gmx.at\">Herrn Ing. MST. Franz Sint\u00a0<\/a><\/p>\n<p class=\"Normal P-10\">Anfragen unter <a class=\"C-9\" href=\"mailto:sonderprojekte@gmx.at?subject=Kursanfrage%202014\">sonderprojekte@gmx.at<\/a><\/p>\n<p class=\"Normal P-13\">Kursangebot Q2\u00a0 2022<\/p>\n<p class=\"Normal\"><strong><em>22400\/2024:\u00a0 02 &#8211; 03. April 2024 \u00a0von 9 &#8211;<wbr \/> 16 Uhr inkl. Verpflegung<\/em><\/strong> &#8211; <strong>Ausverkauft<\/strong><\/p>\n<p>Anwendung der richtigen Intervention in den Bereichen Konflikt-, Gruppen- und Einzel- Monitoring. &#8211; <strong>Trainer: ESV. Ing. Franz Sint, Co-Trainer: ESV TB Emanuel Horvath<\/strong><\/p>\n<p class=\"Normal P-14\">260,\u2013 Euro pro Teilnehmer inkl 20%Mwst.<\/p>\n<p class=\"Normal\"><strong><em>22402\/2024: 28 &#8211; 30. Mai 2022\u00a0 Workshop &#8222;Intersolar M\u00fcnchen&#8220;<\/em><\/strong>&#8211;<strong>Ausverkauft<\/strong><\/p>\n<p><strong>Begleitung: ESV. Ing. Franz Sint, Co-Trainer: ESV TB Emanuel Horvath<\/strong><\/p>\n<p>Ganzt\u00e4gige Veranstaltung und Vortr\u00e4ge der internationalen Mitglieder des<\/p>\n<p>&#8222;The smarter Europe&#8220; Teams. Vortrag von SV Herrn Emanuel Horvath &#8211;\u00a0 zum Thema<\/p>\n<p>&#8222;Gutachter im internationalen Vergleich&#8220;<\/p>\n<p><em><strong>22404\/2024: 25 &#8211; 27. Juni 2022<\/strong> von 9 &#8211;<wbr \/> 16 Uhr inkl. Verpflegung<\/em> &#8211;<strong> noch Pl\u00e4tze frei<\/strong><\/p>\n<p>Brainstorming f\u00fcr den Bereich der Vernehmung und Befragung als Zeuge im Gutachterverfahren.<\/p>\n<p>Gutachter &#8211; \u00dcbungen in den Bereichen Auftritt, K\u00f6rpersprache, Kommunikation und Intervention.<\/p>\n<p>Gutachterschulung &#8211; Vortragstraining.<\/p>\n<p class=\"Normal P-14\">600,\u2013 Euro pro Teilnehmer inkl. 20%Mwst.<\/p>\n<p>Das Kursangebot f\u00fcr Q3 und Q4\u00a0 2022 sind in Ausarbeitung und werden in K\u00fcrze Online gestellt.<\/p>\n<\/div>\n","protected":false},"excerpt":{"rendered":"<p>Schulungs- und Ausbildungszentrum unter der Leitung von Herrn Ing .MST. Franz Sint Das Schulungs- und Ausbildungszentrum erbringt seine Ausbildungsleistungen, Schulungen und Seminare ausschlie\u00dflich auf der Grundlage dieser Gesch\u00e4ftsbedingungen. Sie gelten auch ohne ausdr\u00fccklichen Hinweis f\u00fcr alle k\u00fcnftigen Gesch\u00e4ftsbeziehungen.\u00a0Unsere Ausbilder, Schulungsleiter und Vortragenden sind alle selbst\u00e4ndige Trainer, oder sie sind bei Schulungsorganisationen besch\u00e4ftigt.\u00a0In Zusammenarbeit mit diversen &hellip; <\/p>\n<p class=\"link-more\"><a href=\"https:\/\/esv-institut.com\/?page_id=125\" class=\"more-link\"><span class=\"screen-reader-text\">\u201eSchulungsangebote\u201c <\/span>weiterlesen<\/a><\/p>\n","protected":false},"author":1,"featured_media":0,"parent":0,"menu_order":0,"comment_status":"closed","ping_status":"closed","template":"","meta":{"footnotes":""},"class_list":["post-125","page","type-page","status-publish","hentry"],"_links":{"self":[{"href":"https:\/\/esv-institut.com\/index.php?rest_route=\/wp\/v2\/pages\/125","targetHints":{"allow":["GET"]}}],"collection":[{"href":"https:\/\/esv-institut.com\/index.php?rest_route=\/wp\/v2\/pages"}],"about":[{"href":"https:\/\/esv-institut.com\/index.php?rest_route=\/wp\/v2\/types\/page"}],"author":[{"embeddable":true,"href":"https:\/\/esv-institut.com\/index.php?rest_route=\/wp\/v2\/users\/1"}],"replies":[{"embeddable":true,"href":"https:\/\/esv-institut.com\/index.php?rest_route=%2Fwp%2Fv2%2Fcomments&post=125"}],"version-history":[{"count":10,"href":"https:\/\/esv-institut.com\/index.php?rest_route=\/wp\/v2\/pages\/125\/revisions"}],"predecessor-version":[{"id":263,"href":"https:\/\/esv-institut.com\/index.php?rest_route=\/wp\/v2\/pages\/125\/revisions\/263"}],"wp:attachment":[{"href":"https:\/\/esv-institut.com\/index.php?rest_route=%2Fwp%2Fv2%2Fmedia&parent=125"}],"curies":[{"name":"wp","href":"https:\/\/api.w.org\/{rel}","templated":true}]}}