{"id":127,"date":"2017-08-26T10:41:15","date_gmt":"2017-08-26T10:41:15","guid":{"rendered":"https:\/\/esv-institut.com\/?page_id=127"},"modified":"2017-11-15T18:57:53","modified_gmt":"2017-11-15T18:57:53","slug":"impressum","status":"publish","type":"page","link":"https:\/\/esv-institut.com\/?page_id=127","title":{"rendered":"Impressum"},"content":{"rendered":"<p>Impressum<\/p>\n<p>Medieninhaber\/Firma: TB. Ing. Franz Sint<\/p>\n<p>Reiner Strasse 60 a, A &#8211; 8112 Gratwein<\/p>\n<p>Tel:+43 (0) 3124 53635<\/p>\n<p>Fax: +43 (0) 3124 53635 4<\/p>\n<p>E -Mail: <a href=\"mailto:sonderprojekte@gmx.at\">sonderprojekte@gmx.at<\/a><\/p>\n<p>Homepage: <a href=\"http:\/\/www.esv-institut.com\">http:\/\/www.esv-institut.com<\/a><\/p>\n<p>Fachgruppe: technische B\u00fcros<\/p>\n<p>Copyright\/Haftung<\/p>\n<p>Im Hinblick auf die technischen Eigenschaften des Internet kann keine Gew\u00e4hr f\u00fcr die Authentizit\u00e4t, Richtigkeit und Vollst\u00e4ndigkeit der im Internet zur Verf\u00fcgung gestellten Informationen \u00fcbernommen werden. Es wird auch keine Gew\u00e4hr f\u00fcr die Verf\u00fcgbarkeit oder den Betrieb der gegenst\u00e4ndlichen Homepage und ihrer Inhalte \u00fcbernommen.\u00a0Jede Haftung f\u00fcr unmittelbare, mittelbare oder sonstige Sch\u00e4den, unabh\u00e4ngig von deren Ursachen, die aus der Benutzung oder Nichtverf\u00fcgbarkeit der Daten und Informationen dieser Homepage erwachsen, wird, soweit rechtlich zul\u00e4ssig, ausgeschlossen.<\/p>\n<p>Der Inhalt dieser Homepage ist urheberrechtlich gesch\u00fctzt. Die Informationen sind nur f\u00fcr die pers\u00f6nliche Verwendung bestimmt. Jede weitergehende Nutzung insbesondere die Speicherung in Datenbanken, Vervielf\u00e4ltigung und jede Form von gewerblicher Nutzung sowie die Weitergabe an Dritte \u2212 auch in Teilen oder in \u00fcberarbeiteter Form \u2212 ohne Zustimmung der jeweiligen Organisation ist untersagt.<\/p>\n<p>Jede Einbindung einzelner Seiten unseres Angebotes in fremde Frames ist untersagt.<\/p>\n<p>Gerichtstand, Graz<\/p>\n","protected":false},"excerpt":{"rendered":"<p>Impressum Medieninhaber\/Firma: TB. Ing. Franz Sint Reiner Strasse 60 a, A &#8211; 8112 Gratwein Tel:+43 (0) 3124 53635 Fax: +43 (0) 3124 53635 4 E -Mail: sonderprojekte@gmx.at Homepage: http:\/\/www.esv-institut.com Fachgruppe: technische B\u00fcros Copyright\/Haftung Im Hinblick auf die technischen Eigenschaften des Internet kann keine Gew\u00e4hr f\u00fcr die Authentizit\u00e4t, Richtigkeit und Vollst\u00e4ndigkeit der im Internet zur Verf\u00fcgung &hellip; <\/p>\n<p class=\"link-more\"><a href=\"https:\/\/esv-institut.com\/?page_id=127\" class=\"more-link\"><span class=\"screen-reader-text\">\u201eImpressum\u201c <\/span>weiterlesen<\/a><\/p>\n","protected":false},"author":1,"featured_media":0,"parent":0,"menu_order":0,"comment_status":"closed","ping_status":"closed","template":"","meta":{"footnotes":""},"class_list":["post-127","page","type-page","status-publish","hentry"],"_links":{"self":[{"href":"https:\/\/esv-institut.com\/index.php?rest_route=\/wp\/v2\/pages\/127","targetHints":{"allow":["GET"]}}],"collection":[{"href":"https:\/\/esv-institut.com\/index.php?rest_route=\/wp\/v2\/pages"}],"about":[{"href":"https:\/\/esv-institut.com\/index.php?rest_route=\/wp\/v2\/types\/page"}],"author":[{"embeddable":true,"href":"https:\/\/esv-institut.com\/index.php?rest_route=\/wp\/v2\/users\/1"}],"replies":[{"embeddable":true,"href":"https:\/\/esv-institut.com\/index.php?rest_route=%2Fwp%2Fv2%2Fcomments&post=127"}],"version-history":[{"count":2,"href":"https:\/\/esv-institut.com\/index.php?rest_route=\/wp\/v2\/pages\/127\/revisions"}],"predecessor-version":[{"id":177,"href":"https:\/\/esv-institut.com\/index.php?rest_route=\/wp\/v2\/pages\/127\/revisions\/177"}],"wp:attachment":[{"href":"https:\/\/esv-institut.com\/index.php?rest_route=%2Fwp%2Fv2%2Fmedia&parent=127"}],"curies":[{"name":"wp","href":"https:\/\/api.w.org\/{rel}","templated":true}]}}