{"id":190,"date":"2017-12-25T18:47:35","date_gmt":"2017-12-25T18:47:35","guid":{"rendered":"https:\/\/esv-institut.com\/?page_id=190"},"modified":"2024-04-01T09:09:48","modified_gmt":"2024-04-01T09:09:48","slug":"office-sharing-0699-1355-5265","status":"publish","type":"page","link":"https:\/\/esv-institut.com\/?page_id=190","title":{"rendered":"SEMINARR\u00c4UME Tel.: 0699 12245960"},"content":{"rendered":"<h1 style=\"text-align: center;\"><span style=\"color: #ff0000;\"><strong>Sie suchen einen Seminarraum?<\/strong><\/span><\/h1>\n<p style=\"text-align: center;\">inkl. Strom,\u00a0 W-LAN,<\/p>\n<p style=\"text-align: center;\">Parkplatz, Flipchart, Beamer und allem was Sie f\u00fcr das erfolgreiche Abhalten<\/p>\n<p style=\"text-align: center;\">\u00a0eines Seminars oder Workshops notwendig ist. Wir bieten Ihnen auch die Seminarbetreuung mit\u00a0 Kaffee, Getr\u00e4nken sowie kleinen s\u00fc\u00dfen H\u00e4ppchen an.<\/p>\n<h3>Lage: <a href=\"https:\/\/www.google.com\/maps\/place\/Brucker+Str.+2,+8101+Gratkorn\/@47.133284,15.3388366,198m\/data=!3m1!1e3!4m5!3m4!1s0x476e316644f394b3:0x4de2f2289e599f42!8m2!3d47.1334254!4d15.3386418?hl=de\"><span style=\"color: #0000ff;\"><strong>Brucker Strasse 2-4 ,\u00a0 8101 Gratkorn\u00a0 im 5. Obergescho\u00df<\/strong><\/span><\/a><\/h3>\n<p><img loading=\"lazy\" decoding=\"async\" class=\"alignnone size-medium wp-image-191\" src=\"https:\/\/esv-institut.com\/wp-content\/uploads\/2017\/12\/besprechungsraum-300x200.jpg\" alt=\"\" width=\"300\" height=\"200\" srcset=\"https:\/\/esv-institut.com\/wp-content\/uploads\/2017\/12\/besprechungsraum-300x200.jpg 300w, https:\/\/esv-institut.com\/wp-content\/uploads\/2017\/12\/besprechungsraum.jpg 481w\" sizes=\"auto, (max-width: 300px) 100vw, 300px\" \/><img loading=\"lazy\" decoding=\"async\" class=\"size-medium wp-image-192 alignright\" src=\"https:\/\/esv-institut.com\/wp-content\/uploads\/2017\/12\/B\u00fcro-1-300x225.jpg\" alt=\"\" width=\"300\" height=\"225\" srcset=\"https:\/\/esv-institut.com\/wp-content\/uploads\/2017\/12\/B\u00fcro-1-300x225.jpg 300w, https:\/\/esv-institut.com\/wp-content\/uploads\/2017\/12\/B\u00fcro-1.jpg 605w\" sizes=\"auto, (max-width: 300px) 100vw, 300px\" \/><\/p>\n<p>Systemfotos &#8211; der Einrichtungen<\/p>\n<h2><img loading=\"lazy\" decoding=\"async\" class=\"size-full wp-image-193 alignleft\" src=\"https:\/\/esv-institut.com\/wp-content\/uploads\/2017\/12\/b\u00fcro-2.jpg\" alt=\"\" width=\"236\" height=\"236\" srcset=\"https:\/\/esv-institut.com\/wp-content\/uploads\/2017\/12\/b\u00fcro-2.jpg 236w, https:\/\/esv-institut.com\/wp-content\/uploads\/2017\/12\/b\u00fcro-2-150x150.jpg 150w, https:\/\/esv-institut.com\/wp-content\/uploads\/2017\/12\/b\u00fcro-2-100x100.jpg 100w\" sizes=\"auto, (max-width: 236px) 100vw, 236px\" \/><strong><span style=\"color: #ff0000;\">Anfragen unter<\/span><\/strong><\/h2>\n<p>Mathias Sint<\/p>\n<p><a href=\"mailto:mathias@hotel-gratkorn.at\">office@hotel-gratkorn.at<\/a><\/p>\n<p>Die Infrastruktur in der Umgebung ist ausgezeichnet. Eine Busstation befindet sich unmittelbar vor dem Geb\u00e4ude. Gratis Parkpl\u00e4tze sind ausreichend vorhanden.<\/p>\n<p>Die Veranstalter der Seminare haben ebenfalls die M\u00f6glichkeit, zu Sonderkonditionen die kulinarischen Angebote des hauseigenen italienischen Lokales, &#8222;Don Camillo&#8220; in Anspruch nehmen zu k\u00f6nnen. Neben dem italienischen Lokal befindet sich im Nebengeb\u00e4ude ein chinesisches Restaurant und im s\u00fcdlichen Nahbereich neben einem Kebab Lokal auch eines mit regionale Angebot, der &#8222;Eck- Wirt&#8220; , welches steirische Gerichte anbietet. Neu seit April 2022 ist auch &#8222;The Hungry Heart-Bar und Restaurant&#8220;<\/p>\n<p>Durch die ausgezeichnete Lage im Zentrum von Gratkorn,\u00a0ist man innerhalb von wenigen Minuten auf der Autobahn nach Salzburg oder Slowenien, Wien oder auch Italien und\u00a0innerhalb von 15 Minuten in der Landeshauptstadt Graz.<\/p>\n<p>Alle R\u00e4ume sind mit Flipchart, Pinnw\u00e4nden, Beamer, Moderationskoffer, Tonanlage sowie Klimaanlage ausgestattet.<\/p>\n<h4>Haben wir Ihr Interesse geweckt?<\/h4>\n<p class=\"short\">Rufen Sie uns an oder schreiben Sie eine E-Mail &#8211; gerne k\u00f6nnen Sie die R\u00e4ume vor Ort besichtigen!<\/p>\n<p><img loading=\"lazy\" decoding=\"async\" class=\" wp-image-206 aligncenter\" src=\"https:\/\/esv-institut.com\/wp-content\/uploads\/2017\/12\/Bild-Hotel-oben-300x174.jpg\" alt=\"\" width=\"367\" height=\"213\" \/><\/p>\n","protected":false},"excerpt":{"rendered":"<p>Sie suchen einen Seminarraum? inkl. Strom,\u00a0 W-LAN, Parkplatz, Flipchart, Beamer und allem was Sie f\u00fcr das erfolgreiche Abhalten \u00a0eines Seminars oder Workshops notwendig ist. Wir bieten Ihnen auch die Seminarbetreuung mit\u00a0 Kaffee, Getr\u00e4nken sowie kleinen s\u00fc\u00dfen H\u00e4ppchen an. Lage: Brucker Strasse 2-4 ,\u00a0 8101 Gratkorn\u00a0 im 5. Obergescho\u00df Systemfotos &#8211; der Einrichtungen Anfragen unter Mathias &hellip; <\/p>\n<p class=\"link-more\"><a href=\"https:\/\/esv-institut.com\/?page_id=190\" class=\"more-link\"><span class=\"screen-reader-text\">\u201eSEMINARR\u00c4UME Tel.: 0699 12245960\u201c <\/span>weiterlesen<\/a><\/p>\n","protected":false},"author":2,"featured_media":0,"parent":0,"menu_order":0,"comment_status":"closed","ping_status":"closed","template":"","meta":{"footnotes":""},"class_list":["post-190","page","type-page","status-publish","hentry"],"_links":{"self":[{"href":"https:\/\/esv-institut.com\/index.php?rest_route=\/wp\/v2\/pages\/190","targetHints":{"allow":["GET"]}}],"collection":[{"href":"https:\/\/esv-institut.com\/index.php?rest_route=\/wp\/v2\/pages"}],"about":[{"href":"https:\/\/esv-institut.com\/index.php?rest_route=\/wp\/v2\/types\/page"}],"author":[{"embeddable":true,"href":"https:\/\/esv-institut.com\/index.php?rest_route=\/wp\/v2\/users\/2"}],"replies":[{"embeddable":true,"href":"https:\/\/esv-institut.com\/index.php?rest_route=%2Fwp%2Fv2%2Fcomments&post=190"}],"version-history":[{"count":12,"href":"https:\/\/esv-institut.com\/index.php?rest_route=\/wp\/v2\/pages\/190\/revisions"}],"predecessor-version":[{"id":260,"href":"https:\/\/esv-institut.com\/index.php?rest_route=\/wp\/v2\/pages\/190\/revisions\/260"}],"wp:attachment":[{"href":"https:\/\/esv-institut.com\/index.php?rest_route=%2Fwp%2Fv2%2Fmedia&parent=190"}],"curies":[{"name":"wp","href":"https:\/\/api.w.org\/{rel}","templated":true}]}}