{"id":48,"date":"2017-08-23T19:48:55","date_gmt":"2017-08-23T19:48:55","guid":{"rendered":"https:\/\/esv-institut.com\/?page_id=48"},"modified":"2024-04-01T09:03:57","modified_gmt":"2024-04-01T09:03:57","slug":"team","status":"publish","type":"page","link":"https:\/\/esv-institut.com\/?page_id=48","title":{"rendered":"Team"},"content":{"rendered":"<p><a href=\"http:\/\/www.machdirkeinesorgen.at\" target=\"_blank\" rel=\"noopener noreferrer\"><img loading=\"lazy\" decoding=\"async\" class=\"size-full wp-image-82 alignleft\" src=\"http:\/\/esv-institut.com\/wp-content\/uploads\/2017\/08\/franz_framed.jpg\" alt=\"\" width=\"220\" height=\"280\" \/><\/a><\/p>\n<p><a href=\"mailto:sonderprojekte@gmx.at\"><em><strong>Franz Sint,<\/strong><\/em> Ing. Dipl. Tr.<\/a><\/p>\n<p>zertifizierter Trainer f\u00fcr Jugend-u. Erwachsenenbildung, Lehrbeauftragter (ISO\/IEC 17024 \u2013 SystemCert ), Energieberater nach Arge EBA und Mitglied des N\u00d6ST., NLP &#8211; Master(DVNLP), Hypnose &#8211; Master(DVH-01914)\u00a0<\/p>\n<p>Leiter des ESV &#8211; Ausbildungszentrums<\/p>\n<p>Seminarbeauftragter und Ausbildungsleiter der ESV-Akademie und der\u00a0 MDKS-Akademie.\u00a0<\/p>\n<p><img loading=\"lazy\" decoding=\"async\" class=\"size-full wp-image-86 alignright\" src=\"http:\/\/esv-institut.com\/wp-content\/uploads\/2017\/08\/emanuel_framed.jpg\" alt=\"\" width=\"220\" height=\"280\" \/><\/p>\n<p><em><strong>Emanuel Horvath<\/strong><\/em>, SV<\/p>\n<p>gerichtl. beeidet u. zertifizierter Sachverst\u00e4ndiger f\u00fcr Befestigungstechnik, Sonderbefestigungen in der Automobiltechnik und Drahtgewindetechnik. <strong>Ausbildungsleiter f\u00fcr die Bereiche Gutachtenerstellung und Bewertung<\/strong><\/p>\n<p>&nbsp;<\/p>\n<p>&nbsp;<\/p>\n<p><img loading=\"lazy\" decoding=\"async\" class=\"size-full wp-image-107 alignright\" src=\"http:\/\/esv-institut.com\/wp-content\/uploads\/2017\/08\/martin_framed.jpg\" alt=\"\" width=\"220\" height=\"280\" \/><\/p>\n<p><em><strong>Martin Werk<\/strong><\/em>, GF.<\/p>\n<p>Baumeisterarbeiten, Bauaufsicht, \u00d6BA<\/p>\n<p>&nbsp;<\/p>\n<p>&nbsp;<\/p>\n<p>&nbsp;<\/p>\n<p><strong><em>\u00a0<\/em><\/strong><\/p>\n<p><img loading=\"lazy\" decoding=\"async\" class=\"size-medium wp-image-187 alignleft\" src=\"https:\/\/esv-institut.com\/wp-content\/uploads\/2017\/12\/cresnik_manfred-217x300.jpg\" alt=\"\" width=\"217\" height=\"300\" \/><\/p>\n<p><strong><em>Manfred Cresnik<\/em><\/strong><\/p>\n<p>Mentaltrainer, Metaphysik, Hypno<\/p>\n<p>&nbsp;<\/p>\n<p>&nbsp;<\/p>\n<p>&nbsp;<\/p>\n<p>&nbsp;<\/p>\n<p>&nbsp;<\/p>\n<p>&nbsp;<\/p>\n<p><strong>Markus Maier SV<\/strong><br \/>Elektrotechnik, Photovoltaiktechnik, Anlagenplanung<\/p>\n<p><img loading=\"lazy\" decoding=\"async\" class=\"wp-image-117 size-full alignright\" src=\"https:\/\/esv-institut.com\/wp-content\/uploads\/2017\/08\/markus_framed.jpg\" alt=\"\" width=\"220\" height=\"280\" \/><\/p>\n<p>&nbsp;<\/p>\n<p>&nbsp;<\/p>\n<p>&nbsp;<\/p>\n<p>&nbsp;<\/p>\n<p>&nbsp;<\/p>\n<p>&nbsp;<\/p>\n<div class=\"row\">\n<div><img decoding=\"async\" class=\"alignleft\" src=\"https:\/\/profile-images.xing.com\/images\/e34300a18d24136e8f3fe29bc1b3d3b1-5\/sergio-peter-leitner.256x256.jpg\" alt=\"Quellbild anzeigen\" \/><\/div>\n<\/div>\n<div>\u00a0<\/div>\n<div>\u00a0<\/div>\n<div><a style=\"font-size: 1rem;\" href=\"mailto:peter.leitner@hotmail.com\"><strong>Dipl.-Wirtsch.-Ing. <span style=\"font-size: 1rem;\">Peter Leitner SV<\/span><\/strong><\/a><\/div>\n<div class=\"row\">\n<div>Brandschutz, Metalltechnik, Geb\u00e4udemanagement\u00a0<\/div>\n<div>und Geb\u00e4udesicherheit nach \u00d6NORM B 1300 \/ \u00d6NORM B 1301<\/div>\n<\/div>\n\n\n<p><\/p>\n","protected":false},"excerpt":{"rendered":"<p>Franz Sint, Ing. Dipl. Tr. zertifizierter Trainer f\u00fcr Jugend-u. Erwachsenenbildung, Lehrbeauftragter (ISO\/IEC 17024 \u2013 SystemCert ), Energieberater nach Arge EBA und Mitglied des N\u00d6ST., NLP &#8211; Master(DVNLP), Hypnose &#8211; Master(DVH-01914)\u00a0 Leiter des ESV &#8211; Ausbildungszentrums Seminarbeauftragter und Ausbildungsleiter der ESV-Akademie und der\u00a0 MDKS-Akademie.\u00a0 Emanuel Horvath, SV gerichtl. beeidet u. zertifizierter Sachverst\u00e4ndiger f\u00fcr Befestigungstechnik, Sonderbefestigungen in &hellip; <\/p>\n<p class=\"link-more\"><a href=\"https:\/\/esv-institut.com\/?page_id=48\" class=\"more-link\"><span class=\"screen-reader-text\">\u201eTeam\u201c <\/span>weiterlesen<\/a><\/p>\n","protected":false},"author":1,"featured_media":80,"parent":0,"menu_order":0,"comment_status":"closed","ping_status":"closed","template":"","meta":{"footnotes":""},"class_list":["post-48","page","type-page","status-publish","has-post-thumbnail","hentry"],"_links":{"self":[{"href":"https:\/\/esv-institut.com\/index.php?rest_route=\/wp\/v2\/pages\/48","targetHints":{"allow":["GET"]}}],"collection":[{"href":"https:\/\/esv-institut.com\/index.php?rest_route=\/wp\/v2\/pages"}],"about":[{"href":"https:\/\/esv-institut.com\/index.php?rest_route=\/wp\/v2\/types\/page"}],"author":[{"embeddable":true,"href":"https:\/\/esv-institut.com\/index.php?rest_route=\/wp\/v2\/users\/1"}],"replies":[{"embeddable":true,"href":"https:\/\/esv-institut.com\/index.php?rest_route=%2Fwp%2Fv2%2Fcomments&post=48"}],"version-history":[{"count":64,"href":"https:\/\/esv-institut.com\/index.php?rest_route=\/wp\/v2\/pages\/48\/revisions"}],"predecessor-version":[{"id":258,"href":"https:\/\/esv-institut.com\/index.php?rest_route=\/wp\/v2\/pages\/48\/revisions\/258"}],"wp:featuredmedia":[{"embeddable":true,"href":"https:\/\/esv-institut.com\/index.php?rest_route=\/wp\/v2\/media\/80"}],"wp:attachment":[{"href":"https:\/\/esv-institut.com\/index.php?rest_route=%2Fwp%2Fv2%2Fmedia&parent=48"}],"curies":[{"name":"wp","href":"https:\/\/api.w.org\/{rel}","templated":true}]}}