{"id":8,"date":"2017-08-23T18:46:55","date_gmt":"2017-08-23T18:46:55","guid":{"rendered":"https:\/\/esv-institut.com\/?page_id=8"},"modified":"2017-11-15T18:03:36","modified_gmt":"2017-11-15T18:03:36","slug":"home","status":"publish","type":"page","link":"https:\/\/esv-institut.com\/","title":{"rendered":"Home"},"content":{"rendered":"<p class=\"Normal P-9\">Wir helfen Ihnen bei Probleml\u00f6sungen<\/p>\n<p class=\"Normal P-8\"><strong>Sie ben\u00f6tigen<\/strong><\/p>\n<p class=\"Normal P-8\">Privatgutachten<br \/>\nVergleichs-<wbr \/> und Schiedsgutachten<br \/>\nSchadens-<wbr \/> und Bewertungsgutachten<br \/>\nPeriodisch wiederkehrende \u00dcberpr\u00fcfungen und Begutachtungen<br \/>\nBauherrenbetreuung<br \/>\nBeratungen<br \/>\n\u00dcberwachungen<br \/>\nEvaluierungen<br \/>\nWerbekonzeptionen<br \/>\nAnfertigen von Studien<\/p>\n<p class=\"Normal P-10 P-11\"><span class=\"C-5\"><strong>Pr\u00fcf-<wbr \/> und Forschungszentrum<\/strong><br \/>\n<\/span><span class=\"C-6\"><br \/>\nFragen Sie bei uns an, wir unterst\u00fctzen Sie gerne<br \/>\nbei Ihren Problemstellungen und versuchen diese f\u00fcr Sie zu<br \/>\nl\u00f6sen. Unsere Mitglieder decken viele Leistungsbereiche<br \/>\nin spezifischen Fachgebieten ab.<br \/>\nWir arbeiten mit renommierten Unternehmen und<br \/>\nausgezeichneten und erfahrenen Privatpersonen zusammen.<br \/>\nInformieren Sie sich \u00fcber unsere laufenden<br \/>\nForschungsprojekte. <\/span><\/p>\n","protected":false},"excerpt":{"rendered":"<p>Wir helfen Ihnen bei Probleml\u00f6sungen Sie ben\u00f6tigen Privatgutachten Vergleichs- und Schiedsgutachten Schadens- und Bewertungsgutachten Periodisch wiederkehrende \u00dcberpr\u00fcfungen und Begutachtungen Bauherrenbetreuung Beratungen \u00dcberwachungen Evaluierungen Werbekonzeptionen Anfertigen von Studien Pr\u00fcf- und Forschungszentrum Fragen Sie bei uns an, wir unterst\u00fctzen Sie gerne bei Ihren Problemstellungen und versuchen diese f\u00fcr Sie zu l\u00f6sen. Unsere Mitglieder decken viele Leistungsbereiche in &hellip; <\/p>\n<p class=\"link-more\"><a href=\"https:\/\/esv-institut.com\/\" class=\"more-link\"><span class=\"screen-reader-text\">\u201eHome\u201c <\/span>weiterlesen<\/a><\/p>\n","protected":false},"author":1,"featured_media":0,"parent":0,"menu_order":0,"comment_status":"closed","ping_status":"closed","template":"","meta":{"footnotes":""},"class_list":["post-8","page","type-page","status-publish","hentry"],"_links":{"self":[{"href":"https:\/\/esv-institut.com\/index.php?rest_route=\/wp\/v2\/pages\/8","targetHints":{"allow":["GET"]}}],"collection":[{"href":"https:\/\/esv-institut.com\/index.php?rest_route=\/wp\/v2\/pages"}],"about":[{"href":"https:\/\/esv-institut.com\/index.php?rest_route=\/wp\/v2\/types\/page"}],"author":[{"embeddable":true,"href":"https:\/\/esv-institut.com\/index.php?rest_route=\/wp\/v2\/users\/1"}],"replies":[{"embeddable":true,"href":"https:\/\/esv-institut.com\/index.php?rest_route=%2Fwp%2Fv2%2Fcomments&post=8"}],"version-history":[{"count":3,"href":"https:\/\/esv-institut.com\/index.php?rest_route=\/wp\/v2\/pages\/8\/revisions"}],"predecessor-version":[{"id":160,"href":"https:\/\/esv-institut.com\/index.php?rest_route=\/wp\/v2\/pages\/8\/revisions\/160"}],"wp:attachment":[{"href":"https:\/\/esv-institut.com\/index.php?rest_route=%2Fwp%2Fv2%2Fmedia&parent=8"}],"curies":[{"name":"wp","href":"https:\/\/api.w.org\/{rel}","templated":true}]}}