{"id":9,"date":"2017-08-23T18:46:55","date_gmt":"2017-08-23T18:46:55","guid":{"rendered":"https:\/\/esv-institut.com\/?page_id=9"},"modified":"2019-04-25T12:33:55","modified_gmt":"2019-04-25T12:33:55","slug":"about","status":"publish","type":"page","link":"https:\/\/esv-institut.com\/?page_id=9","title":{"rendered":"Beauftragung"},"content":{"rendered":"<p>Wie beauftragt man einen Sachverst\u00e4ndigen?<\/p>\n<p>Die Art und Weise der Beauftragung eines Sachverst\u00e4ndigen h\u00e4ngt davon ab, ob er in einem Gerichtsverfahren t\u00e4tig werden oder ob er einen Privatauftrag erledigen soll.<\/p>\n<p><strong>Privatauftrag<\/strong><\/p>\n<p>Soweit ein Sachverst\u00e4ndiger zur Erledigung eines Privatauftrags gesucht wird, ist auch wieder der Weg \u00fcber die zust\u00e4ndige Bestellungsbeh\u00f6rde\u00a0 empfehlenswert. Die gelben Seiten in den Branchenfernsprechb\u00fcchern oder Angebote im Internet vermitteln zwar auch unter der Rubrik &#8222;Sachverst\u00e4ndige&#8220; einen \u00dcberblick \u00fcber die Sachverst\u00e4ndigen des betreffenden Bezirks oder von \u00d6sterreich und Deutschland, sie bieten aber keine Gew\u00e4hr f\u00fcr Vollst\u00e4ndigkeit, weil die Aufnahme eines Sachverst\u00e4ndigen in diese Verzeichnisse teilweise dem Zufallsprinzip unterliegt und teilweise auch von der Aufnahmewilligkeit eines Telefon- oder Internetkunden abh\u00e4ngig ist, der als Sachverst\u00e4ndiger daf\u00fcr zahlen mu\u00df, wenn er in die gelben Seiten oder ins Internet aufgenommen werden m\u00f6chte. Au\u00dferdem kann der Suchende dem Branchenfernsprechbuch nicht entnehmen, ob der darin verzeichnete Sachverst\u00e4ndige \u00f6ffentlich bestellt ist oder nicht und f\u00fcr welches Sachgebiet er kompetent ist, weil diese Zusatzinformationen in vielen F\u00e4llen &#8211; aus welchen Gr\u00fcnden auch immer &#8211; nicht gegeben werden. Mithin sollte sich der suchende Verbraucher, Rechtsanwalt oder Unternehmer an die n\u00e4chste Kammer wenden, die ihm auch dann weiterhelfen kann, wenn sich in ihrem eigenen Kammerbezirk der gesuchte Sachverst\u00e4ndige nicht finden l\u00e4\u00dft. Im Gegensatz zur gerichtlichen Beauftragung eines Sachverst\u00e4ndigen mu\u00df beim Privatauftrag mit dem Sachverst\u00e4ndigen ein Vertrag geschlossen werden. Nach Auffassung des BGH finden dabei die Vorschriften \u00fcber den Werkvertrag Anwendung. Die beiden Vertragsparteien sollten in einem solchen Vertrag, der nicht schriftlich geschlossen sein mu\u00df, wegen der Beweislage bei sp\u00e4teren Streitigkeiten aber dennoch schriftlich geschlossen werden sollte, mindestens folgende Punkte regeln:<\/p>\n<p>pr\u00e4zise Beschreibung der Aufgabenstellung<\/p>\n<p>Zweck des Gutachtens (z.B.: zur Vorlage bei der Versicherung, zum Zwecke der Erbauseinandersetzung, zum Zwecke des Ankaufs oder Verkaufs)<\/p>\n<p>Mitwirkungspflichten des Auftraggebers (z.B.: Erteilung von Ausk\u00fcnften, \u00dcberlassung von Unterlagen)<\/p>\n<p>Pflichten des Sachverst\u00e4ndigen<\/p>\n<p>Urheberrecht am Gutachten<\/p>\n<p>Haftung, Haftungsbeschr\u00e4nkung<\/p>\n<p>Umfang und H\u00f6he des Honorars.<\/p>\n","protected":false},"excerpt":{"rendered":"<p>Wie beauftragt man einen Sachverst\u00e4ndigen? Die Art und Weise der Beauftragung eines Sachverst\u00e4ndigen h\u00e4ngt davon ab, ob er in einem Gerichtsverfahren t\u00e4tig werden oder ob er einen Privatauftrag erledigen soll. Privatauftrag Soweit ein Sachverst\u00e4ndiger zur Erledigung eines Privatauftrags gesucht wird, ist auch wieder der Weg \u00fcber die zust\u00e4ndige Bestellungsbeh\u00f6rde\u00a0 empfehlenswert. Die gelben Seiten in den &hellip; <\/p>\n<p class=\"link-more\"><a href=\"https:\/\/esv-institut.com\/?page_id=9\" class=\"more-link\"><span class=\"screen-reader-text\">\u201eBeauftragung\u201c <\/span>weiterlesen<\/a><\/p>\n","protected":false},"author":1,"featured_media":37,"parent":0,"menu_order":0,"comment_status":"closed","ping_status":"closed","template":"","meta":{"footnotes":""},"class_list":["post-9","page","type-page","status-publish","has-post-thumbnail","hentry"],"_links":{"self":[{"href":"https:\/\/esv-institut.com\/index.php?rest_route=\/wp\/v2\/pages\/9","targetHints":{"allow":["GET"]}}],"collection":[{"href":"https:\/\/esv-institut.com\/index.php?rest_route=\/wp\/v2\/pages"}],"about":[{"href":"https:\/\/esv-institut.com\/index.php?rest_route=\/wp\/v2\/types\/page"}],"author":[{"embeddable":true,"href":"https:\/\/esv-institut.com\/index.php?rest_route=\/wp\/v2\/users\/1"}],"replies":[{"embeddable":true,"href":"https:\/\/esv-institut.com\/index.php?rest_route=%2Fwp%2Fv2%2Fcomments&post=9"}],"version-history":[{"count":5,"href":"https:\/\/esv-institut.com\/index.php?rest_route=\/wp\/v2\/pages\/9\/revisions"}],"predecessor-version":[{"id":162,"href":"https:\/\/esv-institut.com\/index.php?rest_route=\/wp\/v2\/pages\/9\/revisions\/162"}],"wp:featuredmedia":[{"embeddable":true,"href":"https:\/\/esv-institut.com\/index.php?rest_route=\/wp\/v2\/media\/37"}],"wp:attachment":[{"href":"https:\/\/esv-institut.com\/index.php?rest_route=%2Fwp%2Fv2%2Fmedia&parent=9"}],"curies":[{"name":"wp","href":"https:\/\/api.w.org\/{rel}","templated":true}]}}